{"id":7445,"date":"2021-01-28T13:26:24","date_gmt":"2021-01-28T13:26:24","guid":{"rendered":"https:\/\/omnesmag.com\/?page_id=7445"},"modified":"2026-04-01T18:33:49","modified_gmt":"2026-04-01T16:33:49","slug":"donar","status":"publish","type":"page","link":"https:\/\/staging.omnesmag.com\/it\/donar\/","title":{"rendered":"Donar"},"content":{"rendered":"<div data-elementor-type=\"wp-page\" data-elementor-id=\"7445\" class=\"elementor elementor-7445\" data-elementor-post-type=\"page\">\n\t\t\t\t<div class=\"elementor-element elementor-element-29db967e e-con-full e-flex e-con e-parent\" data-id=\"29db967e\" data-element_type=\"container\" data-e-type=\"container\" data-settings=\"{&quot;background_background&quot;:&quot;gradient&quot;,&quot;ekit_has_onepagescroll_dot&quot;:&quot;yes&quot;}\">\n\t\t<div class=\"elementor-element elementor-element-c1dcace e-con-full e-flex e-con e-child\" data-id=\"c1dcace\" data-element_type=\"container\" data-e-type=\"container\" data-settings=\"{&quot;ekit_has_onepagescroll_dot&quot;:&quot;yes&quot;}\">\n\t\t<div class=\"elementor-element elementor-element-36f7329d e-con-full e-flex e-con e-child\" data-id=\"36f7329d\" data-element_type=\"container\" data-e-type=\"container\" data-settings=\"{&quot;ekit_has_onepagescroll_dot&quot;:&quot;yes&quot;}\">\n\t\t<div class=\"elementor-element elementor-element-6562a22c e-flex e-con-boxed e-con e-child\" data-id=\"6562a22c\" data-element_type=\"container\" data-e-type=\"container\" data-settings=\"{&quot;ekit_has_onepagescroll_dot&quot;:&quot;yes&quot;}\">\n\t\t\t\t\t<div class=\"e-con-inner\">\n\t\t\t\t<div class=\"elementor-element elementor-element-736ee3ee elementor-widget elementor-widget-image\" data-id=\"736ee3ee\" data-element_type=\"widget\" data-e-type=\"widget\" data-settings=\"{&quot;ekit_we_effect_on&quot;:&quot;none&quot;}\" data-widget_type=\"image.default\">\n\t\t\t\t\t\t\t\t\t\t\t\t\t\t\t\t\t<img decoding=\"async\" width=\"183\" height=\"107\" src=\"https:\/\/staging.omnesmag.com\/wp-content\/uploads\/2026\/04\/apoya_omnes.png\" class=\"attachment-large size-large wp-image-55053\" alt=\"\" \/>\t\t\t\t\t\t\t\t\t\t\t\t\t\t\t<\/div>\n\t\t\t\t<div class=\"elementor-element elementor-element-692f0405 animated-slow elementor-invisible elementor-widget elementor-widget-heading\" data-id=\"692f0405\" data-element_type=\"widget\" data-e-type=\"widget\" data-settings=\"{&quot;_animation&quot;:&quot;fadeIn&quot;,&quot;ekit_we_effect_on&quot;:&quot;none&quot;}\" data-widget_type=\"heading.default\">\n\t\t\t\t\t\t\t<h1 class=\"elementor-heading-title elementor-size-default\">Queremos informar desde el amor a la Iglesia y necesitamos tu ayuda<\/h1>\t\t\t\t<\/div>\n\t\t\t\t<div class=\"elementor-element elementor-element-ae60007 animated-slow elementor-invisible elementor-widget elementor-widget-heading\" data-id=\"ae60007\" data-element_type=\"widget\" data-e-type=\"widget\" data-settings=\"{&quot;_animation&quot;:&quot;fadeIn&quot;,&quot;ekit_we_effect_on&quot;:&quot;none&quot;}\" data-widget_type=\"heading.default\">\n\t\t\t\t\t\t\t<h2 class=\"elementor-heading-title elementor-size-default\">Puedes cancelar los pagos cuando quieras<\/h2>\t\t\t\t<\/div>\n\t\t\t\t\t<\/div>\n\t\t\t\t<\/div>\n\t\t\t\t<\/div>\n\t\t<div class=\"elementor-element elementor-element-11a46a41 e-con-full e-flex e-con e-child\" data-id=\"11a46a41\" data-element_type=\"container\" data-e-type=\"container\" data-settings=\"{&quot;ekit_has_onepagescroll_dot&quot;:&quot;yes&quot;}\">\n\t\t\t\t<div class=\"elementor-element elementor-element-f501b92 elementor-widget elementor-widget-shortcode\" data-id=\"f501b92\" data-element_type=\"widget\" data-e-type=\"widget\" data-settings=\"{&quot;ekit_we_effect_on&quot;:&quot;none&quot;}\" data-widget_type=\"shortcode.default\">\n\t\t\t\t\t\t\t\t\t<div class=\"elementor-shortcode\"><script src=\"https:\/\/donorbox.org\/widget.js\" type=\"text\/javascript\"><\/script><iframe src=\"https:\/\/donorbox.org\/embed\/omnes-magazine\" width=\"100%\" style=\"max-width:500px; min-width:310px;\" seamless=\"seamless\" id=\"dbox-form-embed\" name=\"donorbox\" frameborder=\"0\" scrolling=\"no\" allowpaymentrequest><\/iframe><\/div>\n\t\t\t\t\t\t<\/div>\n\t\t\t\t<\/div>\n\t\t\t\t<\/div>\n\t\t\t\t<\/div>\n\t\t<div class=\"elementor-element elementor-element-7abd27ae e-flex e-con-boxed e-con e-parent\" data-id=\"7abd27ae\" data-element_type=\"container\" data-e-type=\"container\" data-settings=\"{&quot;ekit_has_onepagescroll_dot&quot;:&quot;yes&quot;}\">\n\t\t\t\t\t<div class=\"e-con-inner\">\n\t\t\t\t<div class=\"elementor-element elementor-element-55af1f19 animated-slow elementor-invisible elementor-widget elementor-widget-heading\" data-id=\"55af1f19\" data-element_type=\"widget\" data-e-type=\"widget\" data-settings=\"{&quot;_animation&quot;:&quot;fadeIn&quot;,&quot;ekit_we_effect_on&quot;:&quot;none&quot;}\" data-widget_type=\"heading.default\">\n\t\t\t\t\t\t\t<h2 class=\"elementor-heading-title elementor-size-default\">Contigo este proyecto es posible<\/h2>\t\t\t\t<\/div>\n\t\t\t\t<div class=\"elementor-element elementor-element-5fe31c6a elementor-invisible elementor-widget elementor-widget-text-editor\" data-id=\"5fe31c6a\" data-element_type=\"widget\" data-e-type=\"widget\" data-settings=\"{&quot;_animation&quot;:&quot;fadeIn&quot;,&quot;_animation_delay&quot;:200,&quot;ekit_we_effect_on&quot;:&quot;none&quot;}\" data-widget_type=\"text-editor.default\">\n\t\t\t\t\t\t\t\t\t\t\t<p>Querido lector. Omnes informa con rigor y profundidad sobre la actualidad religiosa. Hacemos un trabajo an\u00e1lisis que permite al lector adquirir criterio sobre los acontecimientos que suceden en el \u00e1mbito cat\u00f3lico y la Iglesia.<\/p><p>Tenemos firmas y corresponsales en Roma y otros lugares que nos ayudan a que la informaci\u00f3n de fondo sobresalga del ruido medi\u00e1tico, con objetividad.<\/p><p>Este trabajo no es barato.<\/p><p>Nuestros suscriptores nos ayudan a sufragar parte de estos costes, al igual que nuestros patrocinadores. Sin embargo, las suscripciones y los patrocinios no cubren todas nuestras necesidades ni los recursos para seguir creciendo.<\/p><p>Aqu\u00ed es donde entras t\u00fa. Para afrontar los nuevos retos de un panorama cambiante y una realidad que exige reflexi\u00f3n.<\/p><p>Necesitamos tu apoyo.<\/p><p>Por tu apoyo, ser\u00e1s\u00a0<strong>colaborador<\/strong>\u00a0de Omnes y tendr\u00e1s ventajas y productos propios. Los encontrar\u00e1s en iniciar sesi\u00f3n, al introducir las claves que te enviaremos por correo electr\u00f3nico para acceder al \u00e1rea reservada a los colaboradores.\u00a0<a href=\"https:\/\/omnesmag.com\/mi-cuenta\/\">\u201cIniciar sesi\u00f3n\u201d<\/a><\/p>\t\t\t\t\t\t\t\t<\/div>\n\t\t\t\t<div class=\"elementor-element elementor-element-133784e elementor-widget elementor-widget-video\" data-id=\"133784e\" data-element_type=\"widget\" data-e-type=\"widget\" data-settings=\"{&quot;youtube_url&quot;:&quot;https:\\\/\\\/youtu.be\\\/CQp_z1BFS0w?si=C1LllpvDYx8qrbZ5&quot;,&quot;video_type&quot;:&quot;youtube&quot;,&quot;ekit_we_effect_on&quot;:&quot;none&quot;}\" data-widget_type=\"video.default\">\n\t\t\t\t\t\t\t\t\t<div class=\"elementor-wrapper elementor-open-inline\">\n\t\t\t<div class=\"elementor-video\"><\/div>\t\t<\/div>\n\t\t\t\t\t\t<\/div>\n\t\t\t\t<div class=\"elementor-element elementor-element-d5ef450 animated-slow elementor-invisible elementor-widget elementor-widget-heading\" data-id=\"d5ef450\" data-element_type=\"widget\" data-e-type=\"widget\" data-settings=\"{&quot;_animation&quot;:&quot;fadeIn&quot;,&quot;ekit_we_effect_on&quot;:&quot;none&quot;}\" data-widget_type=\"heading.default\">\n\t\t\t\t\t\t\t<h2 class=\"elementor-heading-title elementor-size-default\">Ventajas para los colaboradores<\/h2>\t\t\t\t<\/div>\n\t\t<div class=\"elementor-element elementor-element-8a2ba6b e-con-full e-flex e-con e-child\" data-id=\"8a2ba6b\" data-element_type=\"container\" data-e-type=\"container\" data-settings=\"{&quot;ekit_has_onepagescroll_dot&quot;:&quot;yes&quot;}\">\n\t\t\t\t<div class=\"elementor-element elementor-element-3286dfc elementor-position-top elementor-widget elementor-widget-image-box\" data-id=\"3286dfc\" data-element_type=\"widget\" data-e-type=\"widget\" data-settings=\"{&quot;ekit_we_effect_on&quot;:&quot;none&quot;}\" data-widget_type=\"image-box.default\">\n\t\t\t\t\t\t\t<div class=\"elementor-image-box-wrapper\"><figure class=\"elementor-image-box-img\"><img fetchpriority=\"high\" decoding=\"async\" width=\"512\" height=\"512\" src=\"https:\/\/staging.omnesmag.com\/wp-content\/uploads\/2026\/04\/1.png\" class=\"attachment-full size-full wp-image-55074\" alt=\"\" srcset=\"https:\/\/staging.omnesmag.com\/wp-content\/uploads\/2026\/04\/1.png 512w, https:\/\/staging.omnesmag.com\/wp-content\/uploads\/2026\/04\/1-300x300.png 300w, https:\/\/staging.omnesmag.com\/wp-content\/uploads\/2026\/04\/1-100x100.png 100w\" sizes=\"(max-width: 512px) 100vw, 512px\" \/><\/figure><div class=\"elementor-image-box-content\"><h3 class=\"elementor-image-box-title\">Newsletter especial<\/h3><p class=\"elementor-image-box-description\">Newsletter de contenido exclusivo para colaboradores de Omnes<\/p><\/div><\/div>\t\t\t\t<\/div>\n\t\t\t\t<div class=\"elementor-element elementor-element-e3cab00 elementor-position-top elementor-widget elementor-widget-image-box\" data-id=\"e3cab00\" data-element_type=\"widget\" data-e-type=\"widget\" data-settings=\"{&quot;ekit_we_effect_on&quot;:&quot;none&quot;}\" data-widget_type=\"image-box.default\">\n\t\t\t\t\t\t\t<div class=\"elementor-image-box-wrapper\"><figure class=\"elementor-image-box-img\"><img decoding=\"async\" width=\"512\" height=\"512\" src=\"https:\/\/staging.omnesmag.com\/wp-content\/uploads\/2026\/04\/2.png\" class=\"attachment-full size-full wp-image-55075\" alt=\"\" srcset=\"https:\/\/staging.omnesmag.com\/wp-content\/uploads\/2026\/04\/2.png 512w, https:\/\/staging.omnesmag.com\/wp-content\/uploads\/2026\/04\/2-300x300.png 300w, https:\/\/staging.omnesmag.com\/wp-content\/uploads\/2026\/04\/2-100x100.png 100w\" sizes=\"(max-width: 512px) 100vw, 512px\" \/><\/figure><div class=\"elementor-image-box-content\"><h3 class=\"elementor-image-box-title\">Comunidad<\/h3><p class=\"elementor-image-box-description\">Entrar\u00e1s a formar parte de la comunidad Omnes y disfrutar\u00e1s adem\u00e1s de productos exclusivos<\/p><\/div><\/div>\t\t\t\t<\/div>\n\t\t\t\t<div class=\"elementor-element elementor-element-9965d16 elementor-position-top elementor-widget elementor-widget-image-box\" data-id=\"9965d16\" data-element_type=\"widget\" data-e-type=\"widget\" data-settings=\"{&quot;ekit_we_effect_on&quot;:&quot;none&quot;}\" data-widget_type=\"image-box.default\">\n\t\t\t\t\t\t\t<div class=\"elementor-image-box-wrapper\"><figure class=\"elementor-image-box-img\"><img loading=\"lazy\" decoding=\"async\" width=\"512\" height=\"512\" src=\"https:\/\/staging.omnesmag.com\/wp-content\/uploads\/2026\/04\/3.png\" class=\"attachment-full size-full wp-image-55076\" alt=\"\" srcset=\"https:\/\/staging.omnesmag.com\/wp-content\/uploads\/2026\/04\/3.png 512w, https:\/\/staging.omnesmag.com\/wp-content\/uploads\/2026\/04\/3-300x300.png 300w, https:\/\/staging.omnesmag.com\/wp-content\/uploads\/2026\/04\/3-100x100.png 100w\" sizes=\"(max-width: 512px) 100vw, 512px\" \/><\/figure><div class=\"elementor-image-box-content\"><h3 class=\"elementor-image-box-title\">Foros Omnes<\/h3><p class=\"elementor-image-box-description\">Podr\u00e1s participar en los coloquios online con nuestras firmas<\/p><\/div><\/div>\t\t\t\t<\/div>\n\t\t\t\t<\/div>\n\t\t\t\t<div class=\"elementor-element elementor-element-e5d9ac2 animated-slow elementor-invisible elementor-widget elementor-widget-heading\" data-id=\"e5d9ac2\" data-element_type=\"widget\" data-e-type=\"widget\" data-settings=\"{&quot;_animation&quot;:&quot;fadeIn&quot;,&quot;ekit_we_effect_on&quot;:&quot;none&quot;}\" data-widget_type=\"heading.default\">\n\t\t\t\t\t\t\t<h2 class=\"elementor-heading-title elementor-size-default\">Ay\u00fadanos en nuestra tarea\nde evangelizar por medio\nde la informaci\u00f3n<\/h2>\t\t\t\t<\/div>\n\t\t\t\t<div class=\"elementor-element elementor-element-5fac353 elementor-widget__width-initial elementor-widget elementor-widget-shortcode\" data-id=\"5fac353\" data-element_type=\"widget\" data-e-type=\"widget\" data-settings=\"{&quot;ekit_we_effect_on&quot;:&quot;none&quot;}\" data-widget_type=\"shortcode.default\">\n\t\t\t\t\t\t\t\t\t<div class=\"elementor-shortcode\"><script src=\"https:\/\/donorbox.org\/widget.js\" type=\"text\/javascript\"><\/script><iframe src=\"https:\/\/donorbox.org\/embed\/omnes-magazine\" width=\"100%\" style=\"max-width:500px; min-width:310px;\" seamless=\"seamless\" id=\"dbox-form-embed\" name=\"donorbox\" frameborder=\"0\" scrolling=\"no\" allowpaymentrequest><\/iframe><\/div>\n\t\t\t\t\t\t<\/div>\n\t\t\t\t\t<\/div>\n\t\t\t\t<\/div>\n\t\t\t\t<\/div>","protected":false},"excerpt":{"rendered":"<p>Queremos informar desde el amor a la Iglesia y necesitamos tu ayuda Puedes cancelar los pagos cuando quieras Contigo este proyecto es posible Querido lector. Omnes informa con rigor y profundidad sobre la actualidad religiosa. Hacemos un trabajo an\u00e1lisis que permite al lector adquirir criterio sobre los acontecimientos que suceden en el \u00e1mbito cat\u00f3lico y [&hellip;]<\/p>\n","protected":false},"author":3175,"featured_media":0,"parent":0,"menu_order":0,"comment_status":"closed","ping_status":"closed","template":"","meta":{"pmpro_default_level":"","footnotes":""},"class_list":["post-7445","page","type-page","status-publish","hentry","pmpro-has-access"],"_links":{"self":[{"href":"https:\/\/staging.omnesmag.com\/it\/wp-json\/wp\/v2\/pages\/7445","targetHints":{"allow":["GET"]}}],"collection":[{"href":"https:\/\/staging.omnesmag.com\/it\/wp-json\/wp\/v2\/pages"}],"about":[{"href":"https:\/\/staging.omnesmag.com\/it\/wp-json\/wp\/v2\/types\/page"}],"author":[{"embeddable":true,"href":"https:\/\/staging.omnesmag.com\/it\/wp-json\/wp\/v2\/users\/3175"}],"replies":[{"embeddable":true,"href":"https:\/\/staging.omnesmag.com\/it\/wp-json\/wp\/v2\/comments?post=7445"}],"version-history":[{"count":0,"href":"https:\/\/staging.omnesmag.com\/it\/wp-json\/wp\/v2\/pages\/7445\/revisions"}],"wp:attachment":[{"href":"https:\/\/staging.omnesmag.com\/it\/wp-json\/wp\/v2\/media?parent=7445"}],"curies":[{"name":"wp","href":"https:\/\/api.w.org\/{rel}","templated":true}]}}